{"id":432,"date":"2022-12-07T09:53:11","date_gmt":"2022-12-07T08:53:11","guid":{"rendered":"https:\/\/zagrebfilm.hr\/?page_id=432"},"modified":"2022-12-23T09:03:53","modified_gmt":"2022-12-23T08:03:53","slug":"about-us","status":"publish","type":"page","link":"https:\/\/zagrebfilm.hr\/en\/about-us\/","title":{"rendered":"About us"},"content":{"rendered":"<h3>Zagreb movie today<\/h3>\n<p>Zagreb Film&#8217;s activities include the production of animated, documentary and experimental films, the distribution of its own films and those of other producers, the organization of educational programs such as the Small School of Cartoon Film and the International Workshop of Animated Film, the organization of the House of Croatian Film, the management of the Stop-Animation Studio, co-production cooperation with other production houses in the production of animated, documentary and experimental films, cooperation with the Department of Animated Film and New Media of the Academy of Fine Arts in Zagreb in the production and distribution of graduate films and the sale of educational content for primary and secondary schools.<\/p>\n<h3>History<\/h3>\n<p>The institution systematically approached the plan to preserve the film archive: the plan is, namely, to digitize the entire Zagreb film archive and bring the quality of the content closer to viewers. The original negatives of all films are kept in the Croatian State Archives. The employees of the Croatian State Archives actively participate in the restoration, i.e. supervise the implementation and quality of the procedure, and Zagreb Film then supplies the HDA with new material for preservation in new digital formats. The restoration process of the rich archive of Zagreb film has been going on for nine years, and the restoration of all important films of the Zagreb Cartoon School and numerous high-quality documentaries is planned. Restored films are often shown on television or in special programs at international festivals around the world. The project is systematically supported by the City of Zagreb and the Croatian Audiovisual Center.<\/p>\n<p>From 2007 &#8211; when Zagreb Film began with the restoration and digitization of the legendary series Professor Baltazar &#8211; until 2016, the first, second, third and fourth series of Professor Baltazar, the compilation Dragulji Zagreb Film, the films of Du\u0161an Vukoti\u0107 and Borivoj Dovnikovi\u0107, the compilation Best of Zagreb film 1 and 2 and 17 animated films, and in 2013, 2014 and 2015 another 27 animated films were restored. In 2012, in cooperation with ZagrebDox, a selection of documentaries by Krsto Papi\u0107 was restored. Since approximately twenty hours of animated film have been restored, in 2016 Zagreb Film started with a major restoration of documentaries by Kre\u0161a Golik, Zoran Tadi\u0107, Bogdan \u017di\u017ei\u0107, Ante Babaja and Obrad Glu\u0161\u010devi\u0107. In 2017, the plan is to restore the most important films by Obrad Glu\u0161\u010devi\u0107, Zvonimir Berkovi\u0107, Rudolf Sremac, Bogdan \u017di\u017ei\u0107, Zlatko Sudovi\u0107, Kre\u0161a Golik, Nikola Babi\u0107, Eduard Gali\u0107, Petr Krelja, etc.<\/p>\n<h3>Stop animation studio<\/h3>\n<p>The International Animated Film Workshop was created in 2010 in order to enable younger authors to train with the world&#8217;s greatest masters of animated film, who in turn would get to know the potential of Croatian animators. The workshop was held on the island of Rab for four years, and the past three workshops were held in Komi\u017ea on the island of Vis. The workshop has been led by distinguished lecturers: in 2016 Ed Hooks (acting for animators), in 2015 Aleksej Aleksejev (character design), in 2014 Tim Allen and Ivana Bo\u0161njak (stop motion movement and animation), in 2013 Tim Allen and Ivana Bo\u0161njak ( stop-animation, model making), 2012 Aleksej Alekseyev (development of pilot for TV series), 2011 Phil Mulloy and Vera Neubauer (script development) and 2010 Olga and Priit P\u00e4rn (production of shooting book). The workshops were well received by participants and lecturers, which speaks in favor of this form of education. Such knowledge is precisely necessary for our young authors. Since 2016, the workshop has been open to professionals, young professionals and students of art academies, primarily from the Department of Animated Film at ALU.<\/p>\n","protected":false},"excerpt":{"rendered":"Zagreb movie today Zagreb Film&#8217;s activities include the production of animated, documentary and experimental films, the distribution of its own films and those of other producers, the organization of educational &#8230;","protected":false},"author":1,"featured_media":0,"parent":0,"menu_order":4,"comment_status":"closed","ping_status":"closed","template":"","meta":{"inline_featured_image":false,"footnotes":""},"class_list":["post-432","page","type-page","status-publish","hentry"],"acf":[],"yoast_head":"<!-- This site is optimized with the Yoast SEO plugin v27.5 - https:\/\/yoast.com\/product\/yoast-seo-wordpress\/ -->\n<title>About us - Zagreb Film<\/title>\n<meta name=\"robots\" content=\"index, follow, max-snippet:-1, max-image-preview:large, max-video-preview:-1\" \/>\n<link rel=\"canonical\" href=\"https:\/\/zagrebfilm.hr\/en\/about-us\/\" \/>\n<meta property=\"og:locale\" content=\"en_US\" \/>\n<meta property=\"og:type\" content=\"article\" \/>\n<meta property=\"og:title\" content=\"About us - Zagreb Film\" \/>\n<meta property=\"og:description\" content=\"Zagreb movie today Zagreb Film&#8217;s activities include the production of animated, documentary and experimental films, the distribution of its own films and those of other producers, the organization of educational ...\" \/>\n<meta property=\"og:url\" content=\"https:\/\/zagrebfilm.hr\/en\/about-us\/\" \/>\n<meta property=\"og:site_name\" content=\"Zagreb Film\" \/>\n<meta property=\"article:publisher\" content=\"https:\/\/www.facebook.com\/ZagrebFilmHR\" \/>\n<meta property=\"article:modified_time\" content=\"2022-12-23T08:03:53+00:00\" \/>\n<meta name=\"twitter:card\" content=\"summary_large_image\" \/>\n<meta name=\"twitter:site\" content=\"@ZagrebFilmHR\" \/>\n<meta name=\"twitter:label1\" content=\"Est. reading time\" \/>\n\t<meta name=\"twitter:data1\" content=\"3 minutes\" \/>\n<script type=\"application\/ld+json\" class=\"yoast-schema-graph\">{\"@context\":\"https:\\\/\\\/schema.org\",\"@graph\":[{\"@type\":\"WebPage\",\"@id\":\"https:\\\/\\\/zagrebfilm.hr\\\/en\\\/about-us\\\/\",\"url\":\"https:\\\/\\\/zagrebfilm.hr\\\/en\\\/about-us\\\/\",\"name\":\"About us - Zagreb Film\",\"isPartOf\":{\"@id\":\"https:\\\/\\\/zagrebfilm.hr\\\/#website\"},\"datePublished\":\"2022-12-07T08:53:11+00:00\",\"dateModified\":\"2022-12-23T08:03:53+00:00\",\"breadcrumb\":{\"@id\":\"https:\\\/\\\/zagrebfilm.hr\\\/en\\\/about-us\\\/#breadcrumb\"},\"inLanguage\":\"en-US\",\"potentialAction\":[{\"@type\":\"ReadAction\",\"target\":[\"https:\\\/\\\/zagrebfilm.hr\\\/en\\\/about-us\\\/\"]}]},{\"@type\":\"BreadcrumbList\",\"@id\":\"https:\\\/\\\/zagrebfilm.hr\\\/en\\\/about-us\\\/#breadcrumb\",\"itemListElement\":[{\"@type\":\"ListItem\",\"position\":1,\"name\":\"Po\u010detna stranica\",\"item\":\"https:\\\/\\\/zagrebfilm.hr\\\/en\\\/\"},{\"@type\":\"ListItem\",\"position\":2,\"name\":\"About us\"}]},{\"@type\":\"WebSite\",\"@id\":\"https:\\\/\\\/zagrebfilm.hr\\\/#website\",\"url\":\"https:\\\/\\\/zagrebfilm.hr\\\/\",\"name\":\"Zagreb Film\",\"description\":\"Vi&scaron;e od 60 godina uspjeha\",\"publisher\":{\"@id\":\"https:\\\/\\\/zagrebfilm.hr\\\/#organization\"},\"potentialAction\":[{\"@type\":\"SearchAction\",\"target\":{\"@type\":\"EntryPoint\",\"urlTemplate\":\"https:\\\/\\\/zagrebfilm.hr\\\/?s={search_term_string}\"},\"query-input\":{\"@type\":\"PropertyValueSpecification\",\"valueRequired\":true,\"valueName\":\"search_term_string\"}}],\"inLanguage\":\"en-US\"},{\"@type\":\"Organization\",\"@id\":\"https:\\\/\\\/zagrebfilm.hr\\\/#organization\",\"name\":\"Zagreb Film\",\"url\":\"https:\\\/\\\/zagrebfilm.hr\\\/\",\"logo\":{\"@type\":\"ImageObject\",\"inLanguage\":\"en-US\",\"@id\":\"https:\\\/\\\/zagrebfilm.hr\\\/#\\\/schema\\\/logo\\\/image\\\/\",\"url\":\"https:\\\/\\\/zagrebfilm.hr\\\/wp-content\\\/uploads\\\/2022\\\/11\\\/Zagreb-Film-logo.svg\",\"contentUrl\":\"https:\\\/\\\/zagrebfilm.hr\\\/wp-content\\\/uploads\\\/2022\\\/11\\\/Zagreb-Film-logo.svg\",\"width\":64,\"height\":61,\"caption\":\"Zagreb Film\"},\"image\":{\"@id\":\"https:\\\/\\\/zagrebfilm.hr\\\/#\\\/schema\\\/logo\\\/image\\\/\"},\"sameAs\":[\"https:\\\/\\\/www.facebook.com\\\/ZagrebFilmHR\",\"https:\\\/\\\/x.com\\\/ZagrebFilmHR\",\"https:\\\/\\\/www.instagram.com\\\/ZagrebFilmHR\\\/\"]}]}<\/script>\n<!-- \/ Yoast SEO plugin. -->","yoast_head_json":{"title":"About us - Zagreb Film","robots":{"index":"index","follow":"follow","max-snippet":"max-snippet:-1","max-image-preview":"max-image-preview:large","max-video-preview":"max-video-preview:-1"},"canonical":"https:\/\/zagrebfilm.hr\/en\/about-us\/","og_locale":"en_US","og_type":"article","og_title":"About us - Zagreb Film","og_description":"Zagreb movie today Zagreb Film&#8217;s activities include the production of animated, documentary and experimental films, the distribution of its own films and those of other producers, the organization of educational ...","og_url":"https:\/\/zagrebfilm.hr\/en\/about-us\/","og_site_name":"Zagreb Film","article_publisher":"https:\/\/www.facebook.com\/ZagrebFilmHR","article_modified_time":"2022-12-23T08:03:53+00:00","twitter_card":"summary_large_image","twitter_site":"@ZagrebFilmHR","twitter_misc":{"Est. reading time":"3 minutes"},"schema":{"@context":"https:\/\/schema.org","@graph":[{"@type":"WebPage","@id":"https:\/\/zagrebfilm.hr\/en\/about-us\/","url":"https:\/\/zagrebfilm.hr\/en\/about-us\/","name":"About us - Zagreb Film","isPartOf":{"@id":"https:\/\/zagrebfilm.hr\/#website"},"datePublished":"2022-12-07T08:53:11+00:00","dateModified":"2022-12-23T08:03:53+00:00","breadcrumb":{"@id":"https:\/\/zagrebfilm.hr\/en\/about-us\/#breadcrumb"},"inLanguage":"en-US","potentialAction":[{"@type":"ReadAction","target":["https:\/\/zagrebfilm.hr\/en\/about-us\/"]}]},{"@type":"BreadcrumbList","@id":"https:\/\/zagrebfilm.hr\/en\/about-us\/#breadcrumb","itemListElement":[{"@type":"ListItem","position":1,"name":"Po\u010detna stranica","item":"https:\/\/zagrebfilm.hr\/en\/"},{"@type":"ListItem","position":2,"name":"About us"}]},{"@type":"WebSite","@id":"https:\/\/zagrebfilm.hr\/#website","url":"https:\/\/zagrebfilm.hr\/","name":"Zagreb Film","description":"Vi&scaron;e od 60 godina uspjeha","publisher":{"@id":"https:\/\/zagrebfilm.hr\/#organization"},"potentialAction":[{"@type":"SearchAction","target":{"@type":"EntryPoint","urlTemplate":"https:\/\/zagrebfilm.hr\/?s={search_term_string}"},"query-input":{"@type":"PropertyValueSpecification","valueRequired":true,"valueName":"search_term_string"}}],"inLanguage":"en-US"},{"@type":"Organization","@id":"https:\/\/zagrebfilm.hr\/#organization","name":"Zagreb Film","url":"https:\/\/zagrebfilm.hr\/","logo":{"@type":"ImageObject","inLanguage":"en-US","@id":"https:\/\/zagrebfilm.hr\/#\/schema\/logo\/image\/","url":"https:\/\/zagrebfilm.hr\/wp-content\/uploads\/2022\/11\/Zagreb-Film-logo.svg","contentUrl":"https:\/\/zagrebfilm.hr\/wp-content\/uploads\/2022\/11\/Zagreb-Film-logo.svg","width":64,"height":61,"caption":"Zagreb Film"},"image":{"@id":"https:\/\/zagrebfilm.hr\/#\/schema\/logo\/image\/"},"sameAs":["https:\/\/www.facebook.com\/ZagrebFilmHR","https:\/\/x.com\/ZagrebFilmHR","https:\/\/www.instagram.com\/ZagrebFilmHR\/"]}]}},"_links":{"self":[{"href":"https:\/\/zagrebfilm.hr\/en\/wp-json\/wp\/v2\/pages\/432","targetHints":{"allow":["GET"]}}],"collection":[{"href":"https:\/\/zagrebfilm.hr\/en\/wp-json\/wp\/v2\/pages"}],"about":[{"href":"https:\/\/zagrebfilm.hr\/en\/wp-json\/wp\/v2\/types\/page"}],"author":[{"embeddable":true,"href":"https:\/\/zagrebfilm.hr\/en\/wp-json\/wp\/v2\/users\/1"}],"replies":[{"embeddable":true,"href":"https:\/\/zagrebfilm.hr\/en\/wp-json\/wp\/v2\/comments?post=432"}],"version-history":[{"count":1,"href":"https:\/\/zagrebfilm.hr\/en\/wp-json\/wp\/v2\/pages\/432\/revisions"}],"predecessor-version":[{"id":433,"href":"https:\/\/zagrebfilm.hr\/en\/wp-json\/wp\/v2\/pages\/432\/revisions\/433"}],"wp:attachment":[{"href":"https:\/\/zagrebfilm.hr\/en\/wp-json\/wp\/v2\/media?parent=432"}],"curies":[{"name":"wp","href":"https:\/\/api.w.org\/{rel}","templated":true}]}}