{"id":420,"date":"2022-12-12T18:28:58","date_gmt":"2022-12-12T17:28:58","guid":{"rendered":"https:\/\/zagrebfilm.hr\/?page_id=420"},"modified":"2022-12-22T18:32:54","modified_gmt":"2022-12-22T17:32:54","slug":"official-information","status":"publish","type":"page","link":"https:\/\/zagrebfilm.hr\/en\/official-information\/","title":{"rendered":"Official information"},"content":{"rendered":"<p><a href=\"https:\/\/zagrebfilm.hr\/wp-content\/uploads\/2022\/12\/Prorac-01.01.-31.12.2017..xls\">Prorac-01.01.-31.12.2017.<\/a><br \/>\n<a href=\"https:\/\/zagrebfilm.hr\/wp-content\/uploads\/2022\/12\/PLAN-NABAVE-ZA-2018.-GODINU.pdf\">PLAN-NABAVE-ZA-2018.-GODINU<\/a><br \/>\n<a href=\"https:\/\/zagrebfilm.hr\/wp-content\/uploads\/2022\/12\/Proracun-01.-12.2018..xlsx\">Prora\u010dun-01.-12.2018.<\/a><br \/>\n<a href=\"https:\/\/zagrebfilm.hr\/wp-content\/uploads\/2022\/12\/Plan-nabave-za-2019-1.pdf\">Plan-nabave-za-2019-1<\/a><br \/>\n<a href=\"https:\/\/zagrebfilm.hr\/wp-content\/uploads\/2022\/12\/Biljeske-uz-god.financijski-izvjestaj-2018..docx\">Bilje\u0161ke-uz-god.financijski-izvje\u0161taj-2018.<\/a><br \/>\n<a href=\"https:\/\/zagrebfilm.hr\/wp-content\/uploads\/2022\/12\/Pravilnik-o-nabavi-roba-i-usluga-opci-akt-jednostavna-nabava.pdf\">Pravilnik-o-nabavi-roba-i-usluga-op\u0107i-akt-jednostavna-nabava<\/a><\/p>\n","protected":false},"excerpt":{"rendered":"Prorac-01.01.-31.12.2017. PLAN-NABAVE-ZA-2018.-GODINU Prora\u010dun-01.-12.2018. Plan-nabave-za-2019-1 Bilje\u0161ke-uz-god.financijski-izvje\u0161taj-2018. Pravilnik-o-nabavi-roba-i-usluga-op\u0107i-akt-jednostavna-nabava","protected":false},"author":1,"featured_media":0,"parent":0,"menu_order":10,"comment_status":"closed","ping_status":"closed","template":"","meta":{"inline_featured_image":false,"footnotes":""},"class_list":["post-420","page","type-page","status-publish","hentry"],"acf":[],"yoast_head":"<!-- This site is optimized with the Yoast SEO plugin v27.5 - https:\/\/yoast.com\/product\/yoast-seo-wordpress\/ -->\n<title>Official information - Zagreb Film<\/title>\n<meta name=\"robots\" content=\"index, follow, max-snippet:-1, max-image-preview:large, max-video-preview:-1\" \/>\n<link rel=\"canonical\" href=\"https:\/\/zagrebfilm.hr\/en\/official-information\/\" \/>\n<meta property=\"og:locale\" content=\"en_US\" \/>\n<meta property=\"og:type\" content=\"article\" \/>\n<meta property=\"og:title\" content=\"Official information - Zagreb Film\" \/>\n<meta property=\"og:description\" content=\"Prorac-01.01.-31.12.2017. PLAN-NABAVE-ZA-2018.-GODINU Prora\u010dun-01.-12.2018. Plan-nabave-za-2019-1 Bilje\u0161ke-uz-god.financijski-izvje\u0161taj-2018. Pravilnik-o-nabavi-roba-i-usluga-op\u0107i-akt-jednostavna-nabava\" \/>\n<meta property=\"og:url\" content=\"https:\/\/zagrebfilm.hr\/en\/official-information\/\" \/>\n<meta property=\"og:site_name\" content=\"Zagreb Film\" \/>\n<meta property=\"article:publisher\" content=\"https:\/\/www.facebook.com\/ZagrebFilmHR\" \/>\n<meta property=\"article:modified_time\" content=\"2022-12-22T17:32:54+00:00\" \/>\n<meta name=\"twitter:card\" content=\"summary_large_image\" \/>\n<meta name=\"twitter:site\" content=\"@ZagrebFilmHR\" \/>\n<script type=\"application\/ld+json\" class=\"yoast-schema-graph\">{\"@context\":\"https:\\\/\\\/schema.org\",\"@graph\":[{\"@type\":\"WebPage\",\"@id\":\"https:\\\/\\\/zagrebfilm.hr\\\/en\\\/official-information\\\/\",\"url\":\"https:\\\/\\\/zagrebfilm.hr\\\/en\\\/official-information\\\/\",\"name\":\"Official information - Zagreb Film\",\"isPartOf\":{\"@id\":\"https:\\\/\\\/zagrebfilm.hr\\\/#website\"},\"datePublished\":\"2022-12-12T17:28:58+00:00\",\"dateModified\":\"2022-12-22T17:32:54+00:00\",\"breadcrumb\":{\"@id\":\"https:\\\/\\\/zagrebfilm.hr\\\/en\\\/official-information\\\/#breadcrumb\"},\"inLanguage\":\"en-US\",\"potentialAction\":[{\"@type\":\"ReadAction\",\"target\":[\"https:\\\/\\\/zagrebfilm.hr\\\/en\\\/official-information\\\/\"]}]},{\"@type\":\"BreadcrumbList\",\"@id\":\"https:\\\/\\\/zagrebfilm.hr\\\/en\\\/official-information\\\/#breadcrumb\",\"itemListElement\":[{\"@type\":\"ListItem\",\"position\":1,\"name\":\"Po\u010detna stranica\",\"item\":\"https:\\\/\\\/zagrebfilm.hr\\\/en\\\/\"},{\"@type\":\"ListItem\",\"position\":2,\"name\":\"Official information\"}]},{\"@type\":\"WebSite\",\"@id\":\"https:\\\/\\\/zagrebfilm.hr\\\/#website\",\"url\":\"https:\\\/\\\/zagrebfilm.hr\\\/\",\"name\":\"Zagreb Film\",\"description\":\"Vi&scaron;e od 60 godina uspjeha\",\"publisher\":{\"@id\":\"https:\\\/\\\/zagrebfilm.hr\\\/#organization\"},\"potentialAction\":[{\"@type\":\"SearchAction\",\"target\":{\"@type\":\"EntryPoint\",\"urlTemplate\":\"https:\\\/\\\/zagrebfilm.hr\\\/?s={search_term_string}\"},\"query-input\":{\"@type\":\"PropertyValueSpecification\",\"valueRequired\":true,\"valueName\":\"search_term_string\"}}],\"inLanguage\":\"en-US\"},{\"@type\":\"Organization\",\"@id\":\"https:\\\/\\\/zagrebfilm.hr\\\/#organization\",\"name\":\"Zagreb Film\",\"url\":\"https:\\\/\\\/zagrebfilm.hr\\\/\",\"logo\":{\"@type\":\"ImageObject\",\"inLanguage\":\"en-US\",\"@id\":\"https:\\\/\\\/zagrebfilm.hr\\\/#\\\/schema\\\/logo\\\/image\\\/\",\"url\":\"https:\\\/\\\/zagrebfilm.hr\\\/wp-content\\\/uploads\\\/2022\\\/11\\\/Zagreb-Film-logo.svg\",\"contentUrl\":\"https:\\\/\\\/zagrebfilm.hr\\\/wp-content\\\/uploads\\\/2022\\\/11\\\/Zagreb-Film-logo.svg\",\"width\":64,\"height\":61,\"caption\":\"Zagreb Film\"},\"image\":{\"@id\":\"https:\\\/\\\/zagrebfilm.hr\\\/#\\\/schema\\\/logo\\\/image\\\/\"},\"sameAs\":[\"https:\\\/\\\/www.facebook.com\\\/ZagrebFilmHR\",\"https:\\\/\\\/x.com\\\/ZagrebFilmHR\",\"https:\\\/\\\/www.instagram.com\\\/ZagrebFilmHR\\\/\"]}]}<\/script>\n<!-- \/ Yoast SEO plugin. -->","yoast_head_json":{"title":"Official information - Zagreb Film","robots":{"index":"index","follow":"follow","max-snippet":"max-snippet:-1","max-image-preview":"max-image-preview:large","max-video-preview":"max-video-preview:-1"},"canonical":"https:\/\/zagrebfilm.hr\/en\/official-information\/","og_locale":"en_US","og_type":"article","og_title":"Official information - Zagreb Film","og_description":"Prorac-01.01.-31.12.2017. PLAN-NABAVE-ZA-2018.-GODINU Prora\u010dun-01.-12.2018. Plan-nabave-za-2019-1 Bilje\u0161ke-uz-god.financijski-izvje\u0161taj-2018. Pravilnik-o-nabavi-roba-i-usluga-op\u0107i-akt-jednostavna-nabava","og_url":"https:\/\/zagrebfilm.hr\/en\/official-information\/","og_site_name":"Zagreb Film","article_publisher":"https:\/\/www.facebook.com\/ZagrebFilmHR","article_modified_time":"2022-12-22T17:32:54+00:00","twitter_card":"summary_large_image","twitter_site":"@ZagrebFilmHR","schema":{"@context":"https:\/\/schema.org","@graph":[{"@type":"WebPage","@id":"https:\/\/zagrebfilm.hr\/en\/official-information\/","url":"https:\/\/zagrebfilm.hr\/en\/official-information\/","name":"Official information - Zagreb Film","isPartOf":{"@id":"https:\/\/zagrebfilm.hr\/#website"},"datePublished":"2022-12-12T17:28:58+00:00","dateModified":"2022-12-22T17:32:54+00:00","breadcrumb":{"@id":"https:\/\/zagrebfilm.hr\/en\/official-information\/#breadcrumb"},"inLanguage":"en-US","potentialAction":[{"@type":"ReadAction","target":["https:\/\/zagrebfilm.hr\/en\/official-information\/"]}]},{"@type":"BreadcrumbList","@id":"https:\/\/zagrebfilm.hr\/en\/official-information\/#breadcrumb","itemListElement":[{"@type":"ListItem","position":1,"name":"Po\u010detna stranica","item":"https:\/\/zagrebfilm.hr\/en\/"},{"@type":"ListItem","position":2,"name":"Official information"}]},{"@type":"WebSite","@id":"https:\/\/zagrebfilm.hr\/#website","url":"https:\/\/zagrebfilm.hr\/","name":"Zagreb Film","description":"Vi&scaron;e od 60 godina uspjeha","publisher":{"@id":"https:\/\/zagrebfilm.hr\/#organization"},"potentialAction":[{"@type":"SearchAction","target":{"@type":"EntryPoint","urlTemplate":"https:\/\/zagrebfilm.hr\/?s={search_term_string}"},"query-input":{"@type":"PropertyValueSpecification","valueRequired":true,"valueName":"search_term_string"}}],"inLanguage":"en-US"},{"@type":"Organization","@id":"https:\/\/zagrebfilm.hr\/#organization","name":"Zagreb Film","url":"https:\/\/zagrebfilm.hr\/","logo":{"@type":"ImageObject","inLanguage":"en-US","@id":"https:\/\/zagrebfilm.hr\/#\/schema\/logo\/image\/","url":"https:\/\/zagrebfilm.hr\/wp-content\/uploads\/2022\/11\/Zagreb-Film-logo.svg","contentUrl":"https:\/\/zagrebfilm.hr\/wp-content\/uploads\/2022\/11\/Zagreb-Film-logo.svg","width":64,"height":61,"caption":"Zagreb Film"},"image":{"@id":"https:\/\/zagrebfilm.hr\/#\/schema\/logo\/image\/"},"sameAs":["https:\/\/www.facebook.com\/ZagrebFilmHR","https:\/\/x.com\/ZagrebFilmHR","https:\/\/www.instagram.com\/ZagrebFilmHR\/"]}]}},"_links":{"self":[{"href":"https:\/\/zagrebfilm.hr\/en\/wp-json\/wp\/v2\/pages\/420","targetHints":{"allow":["GET"]}}],"collection":[{"href":"https:\/\/zagrebfilm.hr\/en\/wp-json\/wp\/v2\/pages"}],"about":[{"href":"https:\/\/zagrebfilm.hr\/en\/wp-json\/wp\/v2\/types\/page"}],"author":[{"embeddable":true,"href":"https:\/\/zagrebfilm.hr\/en\/wp-json\/wp\/v2\/users\/1"}],"replies":[{"embeddable":true,"href":"https:\/\/zagrebfilm.hr\/en\/wp-json\/wp\/v2\/comments?post=420"}],"version-history":[{"count":1,"href":"https:\/\/zagrebfilm.hr\/en\/wp-json\/wp\/v2\/pages\/420\/revisions"}],"predecessor-version":[{"id":425,"href":"https:\/\/zagrebfilm.hr\/en\/wp-json\/wp\/v2\/pages\/420\/revisions\/425"}],"wp:attachment":[{"href":"https:\/\/zagrebfilm.hr\/en\/wp-json\/wp\/v2\/media?parent=420"}],"curies":[{"name":"wp","href":"https:\/\/api.w.org\/{rel}","templated":true}]}}